{"id":119,"date":"2023-11-10T06:53:45","date_gmt":"2023-11-10T05:53:45","guid":{"rendered":"https:\/\/srafpica-nouvelle-aquitaine.fr\/bde\/bordeaux-2\/"},"modified":"2024-04-08T23:16:13","modified_gmt":"2024-04-08T21:16:13","slug":"limoges","status":"publish","type":"page","link":"https:\/\/srafpica-nouvelle-aquitaine.fr\/bde\/limoges\/","title":{"rendered":"Bureau-des-entreprises acad\u00e9mie de Limoges"},"content":{"rendered":"\t\t<div data-elementor-type=\"wp-page\" data-elementor-id=\"119\" class=\"elementor elementor-119\">\n\t\t\t\t<div class=\"elementor-element elementor-element-3b0bff5a e-flex e-con-boxed e-con e-parent\" data-id=\"3b0bff5a\" data-element_type=\"container\" data-e-type=\"container\">\n\t\t\t\t\t<div class=\"e-con-inner\">\n\t\t\t\t<div class=\"elementor-element elementor-element-75abb031 elementor-widget elementor-widget-heading\" data-id=\"75abb031\" data-element_type=\"widget\" data-e-type=\"widget\" data-widget_type=\"heading.default\">\n\t\t\t\t<div class=\"elementor-widget-container\">\n\t\t\t\t\t<h2 class=\"elementor-heading-title elementor-size-default\">\n<\/h2>\t\t\t\t<\/div>\n\t\t\t\t<\/div>\n\t\t\t\t\t<\/div>\n\t\t\t\t<\/div>\n\t\t\t\t<section class=\"elementor-section elementor-top-section elementor-element elementor-element-76c86c1c elementor-section-content-middle elementor-section-stretched elementor-section-height-min-height elementor-section-items-bottom elementor-section-boxed elementor-section-height-default\" data-id=\"76c86c1c\" data-element_type=\"section\" data-e-type=\"section\" data-settings=\"{&quot;background_background&quot;:&quot;video&quot;,&quot;stretch_section&quot;:&quot;section-stretched&quot;,&quot;background_video_link&quot;:&quot;https:\\\/\\\/youtu.be\\\/kifC1cUkVGg&quot;}\">\n\t\t\t\t\t\t\t\t<div class=\"elementor-background-video-container elementor-hidden-mobile\">\n\t\t\t\t\t\t\t\t\t\t\t\t\t<div class=\"elementor-background-video-embed\" role=\"presentation\"><\/div>\n\t\t\t\t\t\t\t\t\t\t\t\t<\/div>\n\t\t\t\t\t\t\t\t\t<div class=\"elementor-background-overlay\"><\/div>\n\t\t\t\t\t\t\t<div class=\"elementor-container elementor-column-gap-no\">\n\t\t\t\t\t<div class=\"elementor-column elementor-col-100 elementor-top-column elementor-element elementor-element-d0a7967\" data-id=\"d0a7967\" data-element_type=\"column\" data-e-type=\"column\">\n\t\t\t<div class=\"elementor-widget-wrap elementor-element-populated\">\n\t\t\t\t\t\t<div class=\"elementor-element elementor-element-7bd9231a elementor-widget__width-initial elementor-widget elementor-widget-heading\" data-id=\"7bd9231a\" data-element_type=\"widget\" data-e-type=\"widget\" data-widget_type=\"heading.default\">\n\t\t\t\t<div class=\"elementor-widget-container\">\n\t\t\t\t\t<h3 class=\"elementor-heading-title elementor-size-default\"><p><span style=\"font-size: 24pt\"><strong><span style=\"color: #ee7443\">RELATION &Eacute;DUCATION-&Eacute;CONOMIE<\/span><\/strong><\/span><\/p>\n<h3 class=\"elementor-heading-title elementor-size-default elementor-inline-editing pen\" style=\"margin: 0px;font-size: 55px;line-height: 1;font-family: Roboto, sans-serif;padding: 0px;position: relative;min-height: 15px\"><span style=\"font-size: 24pt;color: #000000\"><span>B<\/span><span style=\"font-weight: normal\">ureau d<em>e<\/em>s <strong>e<\/strong>ntreprises - Acad\u00e9mie de Limoges<\/span><\/span><\/h3>\n<p>&nbsp;<\/p><\/h3>\t\t\t\t<\/div>\n\t\t\t\t<\/div>\n\t\t\t\t<div class=\"elementor-element elementor-element-44a55286 elementor-widget elementor-widget-spacer\" data-id=\"44a55286\" data-element_type=\"widget\" data-e-type=\"widget\" data-widget_type=\"spacer.default\">\n\t\t\t\t<div class=\"elementor-widget-container\">\n\t\t\t\t\t\t\t<div class=\"elementor-spacer\">\n\t\t\t<div class=\"elementor-spacer-inner\"><\/div>\n\t\t<\/div>\n\t\t\t\t\t\t<\/div>\n\t\t\t\t<\/div>\n\t\t\t\t\t<\/div>\n\t\t<\/div>\n\t\t\t\t\t<\/div>\n\t\t<\/section>\n\t\t\t\t<section class=\"elementor-section elementor-top-section elementor-element elementor-element-65c6bed9 elementor-section-full_width elementor-section-height-min-height elementor-section-items-top elementor-section-content-top elementor-section-stretched elementor-section-height-default\" data-id=\"65c6bed9\" data-element_type=\"section\" data-e-type=\"section\" data-settings=\"{&quot;background_background&quot;:&quot;classic&quot;,&quot;shape_divider_bottom&quot;:&quot;opacity-tilt&quot;,&quot;animation&quot;:&quot;none&quot;,&quot;stretch_section&quot;:&quot;section-stretched&quot;}\">\n\t\t\t\t\t\t\t<div class=\"elementor-background-overlay\"><\/div>\n\t\t\t\t\t\t<div class=\"elementor-shape elementor-shape-bottom\" aria-hidden=\"true\" data-negative=\"false\">\n\t\t\t<svg xmlns=\"http:\/\/www.w3.org\/2000\/svg\" viewBox=\"0 0 2600 131.1\" preserveAspectRatio=\"none\">\n\t<path class=\"elementor-shape-fill\" d=\"M0 0L2600 0 2600 69.1 0 0z\"\/>\n\t<path class=\"elementor-shape-fill\" style=\"opacity:0.5\" d=\"M0 0L2600 0 2600 69.1 0 69.1z\"\/>\n\t<path class=\"elementor-shape-fill\" style=\"opacity:0.25\" d=\"M2600 0L0 0 0 130.1 2600 69.1z\"\/>\n<\/svg>\t\t<\/div>\n\t\t\t\t\t<div class=\"elementor-container elementor-column-gap-default\">\n\t\t\t\t\t<div class=\"elementor-column elementor-col-100 elementor-top-column elementor-element elementor-element-72849e9f\" data-id=\"72849e9f\" data-element_type=\"column\" data-e-type=\"column\">\n\t\t\t<div class=\"elementor-widget-wrap elementor-element-populated\">\n\t\t\t\t\t\t<div class=\"elementor-element elementor-element-21874d67 elementor-widget elementor-widget-heading\" data-id=\"21874d67\" data-element_type=\"widget\" data-e-type=\"widget\" data-widget_type=\"heading.default\">\n\t\t\t\t<div class=\"elementor-widget-container\">\n\t\t\t\t\t<h2 class=\"elementor-heading-title elementor-size-default\">Informations institutionnelles <\/h2>\t\t\t\t<\/div>\n\t\t\t\t<\/div>\n\t\t\t\t\t<\/div>\n\t\t<\/div>\n\t\t\t\t\t<\/div>\n\t\t<\/section>\n\t\t<div class=\"elementor-element elementor-element-cc8b0f1 e-flex e-con-boxed e-con e-parent\" data-id=\"cc8b0f1\" data-element_type=\"container\" data-e-type=\"container\">\n\t\t\t\t\t<div class=\"e-con-inner\">\n\t\t\t\t<div class=\"elementor-element elementor-element-f6ac5bf elementor-widget elementor-widget-text-editor\" data-id=\"f6ac5bf\" data-element_type=\"widget\" data-e-type=\"widget\" data-widget_type=\"text-editor.default\">\n\t\t\t\t<div class=\"elementor-widget-container\">\n\t\t\t\t\t\t\t\t\t<p><strong><span class=\"fontSizeMediumPlus\">Le bureau des entreprises a pour objectif de renforcer les liens de l\u2019\u00c9ducation nationale avec le monde \u00e9conomique. Il permet aux acteurs du monde professionnel d\u2019avoir un point d\u2019entr\u00e9e au sein de chaque lyc\u00e9e professionnel. Lieu d\u00e9di\u00e9 aux partenariats, il favorise la mise en synergie des acteurs au b\u00e9n\u00e9fice des partenaires \u00e9conomiques, des \u00e9l\u00e8ves, des \u00e9tudiants, des apprentis et des stagiaires de la formation continue.<\/span><\/strong><\/p><p><strong><span class=\"fontSizeMediumPlus\">Vous trouverez dans cet espace un ensemble de ressources destin\u00e9 \u00e0 faciliter vos missions<\/span><\/strong><\/p>\t\t\t\t\t\t\t\t<\/div>\n\t\t\t\t<\/div>\n\t\t\t\t\t<\/div>\n\t\t\t\t<\/div>\n\t\t<div class=\"elementor-element elementor-element-130de05 e-flex e-con-boxed e-con e-parent\" data-id=\"130de05\" data-element_type=\"container\" data-e-type=\"container\">\n\t\t\t\t\t<div class=\"e-con-inner\">\n\t\t\t\t<div class=\"elementor-element elementor-element-4d1c35c elementor-widget-divider--view-line elementor-widget elementor-widget-divider\" data-id=\"4d1c35c\" data-element_type=\"widget\" data-e-type=\"widget\" data-widget_type=\"divider.default\">\n\t\t\t\t<div class=\"elementor-widget-container\">\n\t\t\t\t\t\t\t<div class=\"elementor-divider\">\n\t\t\t<span class=\"elementor-divider-separator\">\n\t\t\t\t\t\t<\/span>\n\t\t<\/div>\n\t\t\t\t\t\t<\/div>\n\t\t\t\t<\/div>\n\t\t\t\t<div class=\"elementor-element elementor-element-1106e11 elementor-widget elementor-widget-heading\" data-id=\"1106e11\" data-element_type=\"widget\" data-e-type=\"widget\" data-widget_type=\"heading.default\">\n\t\t\t\t<div class=\"elementor-widget-container\">\n\t\t\t\t\t<h2 class=\"elementor-heading-title elementor-size-default\">Informations g\u00e9n\u00e9rales<\/h2>\t\t\t\t<\/div>\n\t\t\t\t<\/div>\n\t\t\t\t\t<\/div>\n\t\t\t\t<\/div>\n\t\t\t\t<section class=\"elementor-section elementor-top-section elementor-element elementor-element-953985e elementor-section-boxed elementor-section-height-default elementor-section-height-default\" data-id=\"953985e\" data-element_type=\"section\" data-e-type=\"section\">\n\t\t\t\t\t\t<div class=\"elementor-container elementor-column-gap-default\">\n\t\t\t\t\t<div class=\"elementor-column elementor-col-100 elementor-top-column elementor-element elementor-element-95df0d5\" data-id=\"95df0d5\" data-element_type=\"column\" data-e-type=\"column\">\n\t\t\t<div class=\"elementor-widget-wrap elementor-element-populated\">\n\t\t\t\t\t\t<section class=\"elementor-section elementor-inner-section elementor-element elementor-element-f725a86 elementor-section-height-min-height elementor-section-boxed elementor-section-height-default\" data-id=\"f725a86\" data-element_type=\"section\" data-e-type=\"section\">\n\t\t\t\t\t\t<div class=\"elementor-container elementor-column-gap-default\">\n\t\t\t\t\t<div class=\"elementor-column elementor-col-50 elementor-inner-column elementor-element elementor-element-27a84d7\" data-id=\"27a84d7\" data-element_type=\"column\" data-e-type=\"column\" data-settings=\"{&quot;background_background&quot;:&quot;classic&quot;}\">\n\t\t\t<div class=\"elementor-widget-wrap elementor-element-populated\">\n\t\t\t\t\t\t<div class=\"elementor-element elementor-element-4877319 elementor-widget elementor-widget-text-editor\" data-id=\"4877319\" data-element_type=\"widget\" data-e-type=\"widget\" data-widget_type=\"text-editor.default\">\n\t\t\t\t<div class=\"elementor-widget-container\">\n\t\t\t\t\t\t\t\t\t<h3 id=\"edugouv-summary-item-2\" class=\"title\" style=\"text-align: center\"><span style=\"color: #ffffff\">Correspondant acad\u00e9mique <\/span><\/h3>\t\t\t\t\t\t\t\t<\/div>\n\t\t\t\t<\/div>\n\t\t\t\t<div class=\"elementor-element elementor-element-c598e9d elementor-widget elementor-widget-text-editor\" data-id=\"c598e9d\" data-element_type=\"widget\" data-e-type=\"widget\" data-widget_type=\"text-editor.default\">\n\t\t\t\t<div class=\"elementor-widget-container\">\n\t\t\t\t\t\t\t\t\t<ul><li><h3><span style=\"color: #ffffff\"><strong>Thierry Nadaud<\/strong><\/span><\/h3><\/li><li><span style=\"color: #ffffff\">06 27 33 27 11<\/span><\/li><li><a style=\"color: #ffffff\" href=\"mailto:thierry.nadaud@ac-limoges.fr\"><span style=\"color: #ffffff\">thierry.nadaud@<\/span>ac-limoges.fr<\/a><\/li><\/ul>\t\t\t\t\t\t\t\t<\/div>\n\t\t\t\t<\/div>\n\t\t\t\t\t<\/div>\n\t\t<\/div>\n\t\t\t\t<div class=\"elementor-column elementor-col-50 elementor-inner-column elementor-element elementor-element-f6b0c19\" data-id=\"f6b0c19\" data-element_type=\"column\" data-e-type=\"column\" data-settings=\"{&quot;background_background&quot;:&quot;classic&quot;}\">\n\t\t\t<div class=\"elementor-widget-wrap elementor-element-populated\">\n\t\t\t\t\t\t<div class=\"elementor-element elementor-element-84ee3b5 elementor-widget elementor-widget-text-editor\" data-id=\"84ee3b5\" data-element_type=\"widget\" data-e-type=\"widget\" data-widget_type=\"text-editor.default\">\n\t\t\t\t<div class=\"elementor-widget-container\">\n\t\t\t\t\t\t\t\t\t<h3 id=\"edugouv-summary-item-2\" class=\"title\" style=\"text-align: center\"><span style=\"color: #ffffff\">Dates \u00e0 retenir<br \/><\/span><\/h3>\t\t\t\t\t\t\t\t<\/div>\n\t\t\t\t<\/div>\n\t\t\t\t<div class=\"elementor-element elementor-element-bf7a195 elementor-widget elementor-widget-text-editor\" data-id=\"bf7a195\" data-element_type=\"widget\" data-e-type=\"widget\" data-widget_type=\"text-editor.default\">\n\t\t\t\t<div class=\"elementor-widget-container\">\n\t\t\t\t\t\t\t\t\t<ul><li><strong>14 f\u00e9vrier\u00a0 2024<\/strong> : S\u00e9minaire des RBDE en pr\u00e9sentiel au Lyc\u00e9e des m\u00e9tiers du Mas Jambost \u00e0 limoges<\/li><li><strong>22 mars 2024<\/strong> : S\u00e9minaire acad\u00e9mique multi-cat\u00e9goriel<\/li><li><strong>22 mai 2024<\/strong> : S\u00e9minaire des RBDE en pr\u00e9sentiel dans les locaux de l&rsquo;entreprise Legrand<\/li><\/ul>\t\t\t\t\t\t\t\t<\/div>\n\t\t\t\t<\/div>\n\t\t\t\t\t<\/div>\n\t\t<\/div>\n\t\t\t\t\t<\/div>\n\t\t<\/section>\n\t\t\t\t\t<\/div>\n\t\t<\/div>\n\t\t\t\t\t<\/div>\n\t\t<\/section>\n\t\t<div class=\"elementor-element elementor-element-f1c6f80 e-flex e-con-boxed e-con e-parent\" data-id=\"f1c6f80\" data-element_type=\"container\" data-e-type=\"container\">\n\t\t\t\t\t<div class=\"e-con-inner\">\n\t\t\t\t<div class=\"elementor-element elementor-element-7b54fe6 elementor-widget-divider--view-line elementor-widget elementor-widget-divider\" data-id=\"7b54fe6\" data-element_type=\"widget\" data-e-type=\"widget\" data-widget_type=\"divider.default\">\n\t\t\t\t<div class=\"elementor-widget-container\">\n\t\t\t\t\t\t\t<div class=\"elementor-divider\">\n\t\t\t<span class=\"elementor-divider-separator\">\n\t\t\t\t\t\t<\/span>\n\t\t<\/div>\n\t\t\t\t\t\t<\/div>\n\t\t\t\t<\/div>\n\t\t\t\t<div class=\"elementor-element elementor-element-862aba5 elementor-widget elementor-widget-heading\" data-id=\"862aba5\" data-element_type=\"widget\" data-e-type=\"widget\" data-widget_type=\"heading.default\">\n\t\t\t\t<div class=\"elementor-widget-container\">\n\t\t\t\t\t<h2 class=\"elementor-heading-title elementor-size-default\">Formations<\/h2>\t\t\t\t<\/div>\n\t\t\t\t<\/div>\n\t\t\t\t\t<\/div>\n\t\t\t\t<\/div>\n\t\t\t\t<section class=\"elementor-section elementor-top-section elementor-element elementor-element-e1c3fc8 elementor-section-boxed elementor-section-height-default elementor-section-height-default\" data-id=\"e1c3fc8\" data-element_type=\"section\" data-e-type=\"section\">\n\t\t\t\t\t\t<div class=\"elementor-container elementor-column-gap-default\">\n\t\t\t\t\t<div class=\"elementor-column elementor-col-100 elementor-top-column elementor-element elementor-element-d3147cc\" data-id=\"d3147cc\" data-element_type=\"column\" data-e-type=\"column\">\n\t\t\t<div class=\"elementor-widget-wrap elementor-element-populated\">\n\t\t\t\t\t\t<section class=\"elementor-section elementor-inner-section elementor-element elementor-element-55476c3 elementor-section-height-min-height elementor-section-boxed elementor-section-height-default\" data-id=\"55476c3\" data-element_type=\"section\" data-e-type=\"section\">\n\t\t\t\t\t\t<div class=\"elementor-container elementor-column-gap-default\">\n\t\t\t\t\t<div class=\"elementor-column elementor-col-50 elementor-inner-column elementor-element elementor-element-521f022\" data-id=\"521f022\" data-element_type=\"column\" data-e-type=\"column\" data-settings=\"{&quot;background_background&quot;:&quot;classic&quot;}\">\n\t\t\t<div class=\"elementor-widget-wrap elementor-element-populated\">\n\t\t\t\t\t\t<div class=\"elementor-element elementor-element-5fc62af elementor-widget elementor-widget-text-editor\" data-id=\"5fc62af\" data-element_type=\"widget\" data-e-type=\"widget\" data-widget_type=\"text-editor.default\">\n\t\t\t\t<div class=\"elementor-widget-container\">\n\t\t\t\t\t\t\t\t\t<h3 id=\"edugouv-summary-item-2\" class=\"title\" style=\"text-align: center\"><span style=\"color: #ffffff\">Journ\u00e9e d&rsquo;accueil du 27 septembre 2023<br \/><\/span><\/h3>\t\t\t\t\t\t\t\t<\/div>\n\t\t\t\t<\/div>\n\t\t\t\t<div class=\"elementor-element elementor-element-3a044aa elementor-widget elementor-widget-text-editor\" data-id=\"3a044aa\" data-element_type=\"widget\" data-e-type=\"widget\" data-widget_type=\"text-editor.default\">\n\t\t\t\t<div class=\"elementor-widget-container\">\n\t\t\t\t\t\t\t\t\t<ul>\n \t<li style=\"text-align: left\"><strong><span style=\"color: #ffffff\"><a style=\"color: #ffffff\" href=\"https:\/\/srafpica-nouvelle-aquitaine.fr\/bde\/wp-content\/uploads\/sites\/5\/2023\/12\/23-09-27-journe-accueil-responsable-BDE.pdf\" target=\"_blank\" rel=\"noopener\">Support de pr\u00e9sentation<\/a><\/span><\/strong><\/li>\n<\/ul>\t\t\t\t\t\t\t\t<\/div>\n\t\t\t\t<\/div>\n\t\t\t\t\t<\/div>\n\t\t<\/div>\n\t\t\t\t<div class=\"elementor-column elementor-col-50 elementor-inner-column elementor-element elementor-element-f8e139d\" data-id=\"f8e139d\" data-element_type=\"column\" data-e-type=\"column\" data-settings=\"{&quot;background_background&quot;:&quot;classic&quot;}\">\n\t\t\t<div class=\"elementor-widget-wrap elementor-element-populated\">\n\t\t\t\t\t\t<div class=\"elementor-element elementor-element-7d0b514 elementor-widget elementor-widget-text-editor\" data-id=\"7d0b514\" data-element_type=\"widget\" data-e-type=\"widget\" data-widget_type=\"text-editor.default\">\n\t\t\t\t<div class=\"elementor-widget-container\">\n\t\t\t\t\t\t\t\t\t<h3 id=\"edugouv-summary-item-2\" class=\"title\" style=\"text-align: center\"><span style=\"color: #ffffff\">Webinaire du 20 d\u00e9cembre 2023<br \/><\/span><\/h3>\t\t\t\t\t\t\t\t<\/div>\n\t\t\t\t<\/div>\n\t\t\t\t<div class=\"elementor-element elementor-element-914e3a1 elementor-widget elementor-widget-text-editor\" data-id=\"914e3a1\" data-element_type=\"widget\" data-e-type=\"widget\" data-widget_type=\"text-editor.default\">\n\t\t\t\t<div class=\"elementor-widget-container\">\n\t\t\t\t\t\t\t\t\t<ul>\n \t<li><a style=\"color: #ffffff\" href=\"https:\/\/srafpica-nouvelle-aquitaine.fr\/bde\/wp-content\/uploads\/sites\/5\/2024\/02\/23-12-20-support-webinaire-academiqe.pdf\" target=\"_blank\" rel=\"noopener\"><strong><span style=\"color: #ffffff\">Support de pr\u00e9sentation<\/span><\/strong><\/a><\/li>\n<\/ul>\t\t\t\t\t\t\t\t<\/div>\n\t\t\t\t<\/div>\n\t\t\t\t\t<\/div>\n\t\t<\/div>\n\t\t\t\t\t<\/div>\n\t\t<\/section>\n\t\t\t\t<section class=\"elementor-section elementor-inner-section elementor-element elementor-element-5c4dca1 elementor-section-height-min-height elementor-section-boxed elementor-section-height-default\" data-id=\"5c4dca1\" data-element_type=\"section\" data-e-type=\"section\">\n\t\t\t\t\t\t<div class=\"elementor-container elementor-column-gap-default\">\n\t\t\t\t\t<div class=\"elementor-column elementor-col-50 elementor-inner-column elementor-element elementor-element-a448535\" data-id=\"a448535\" data-element_type=\"column\" data-e-type=\"column\" data-settings=\"{&quot;background_background&quot;:&quot;classic&quot;}\">\n\t\t\t<div class=\"elementor-widget-wrap elementor-element-populated\">\n\t\t\t\t\t\t<div class=\"elementor-element elementor-element-52e8c33 elementor-widget elementor-widget-text-editor\" data-id=\"52e8c33\" data-element_type=\"widget\" data-e-type=\"widget\" data-widget_type=\"text-editor.default\">\n\t\t\t\t<div class=\"elementor-widget-container\">\n\t\t\t\t\t\t\t\t\t<h3 id=\"edugouv-summary-item-2\" class=\"title\" style=\"text-align: center\"><span style=\"color: #ffffff\">S\u00e9minaire du 14 f\u00e9vrier 2024<br \/><\/span><\/h3>\t\t\t\t\t\t\t\t<\/div>\n\t\t\t\t<\/div>\n\t\t\t\t<div class=\"elementor-element elementor-element-40458ef elementor-widget elementor-widget-text-editor\" data-id=\"40458ef\" data-element_type=\"widget\" data-e-type=\"widget\" data-widget_type=\"text-editor.default\">\n\t\t\t\t<div class=\"elementor-widget-container\">\n\t\t\t\t\t\t\t\t\t<ul><li style=\"text-align: left\"><strong><span style=\"color: #ffffff\"><a style=\"color: #ffffff\" href=\"https:\/\/srafpica-nouvelle-aquitaine.fr\/bde\/wp-content\/uploads\/sites\/5\/2023\/12\/23-09-27-journe-accueil-responsable-BDE.pdf\" target=\"_blank\" rel=\"noopener\">Ordre du jour<\/a><\/span><\/strong><\/li><li style=\"text-align: left\"><a href=\"https:\/\/srafpica-nouvelle-aquitaine.fr\/bde\/wp-content\/uploads\/sites\/5\/2024\/04\/24-04-05-support-webinaire-outils-de-professionalisation-VF-1.pptx\" target=\"_blank\" rel=\"noopener\"><span style=\"color: #ffffff\"><strong>Support de pr\u00e9sentation<br \/><\/strong><\/span><\/a><\/li><\/ul>\t\t\t\t\t\t\t\t<\/div>\n\t\t\t\t<\/div>\n\t\t\t\t\t<\/div>\n\t\t<\/div>\n\t\t\t\t<div class=\"elementor-column elementor-col-50 elementor-inner-column elementor-element elementor-element-7344280\" data-id=\"7344280\" data-element_type=\"column\" data-e-type=\"column\" data-settings=\"{&quot;background_background&quot;:&quot;classic&quot;}\">\n\t\t\t<div class=\"elementor-widget-wrap elementor-element-populated\">\n\t\t\t\t\t\t<div class=\"elementor-element elementor-element-76b5414 elementor-widget elementor-widget-text-editor\" data-id=\"76b5414\" data-element_type=\"widget\" data-e-type=\"widget\" data-widget_type=\"text-editor.default\">\n\t\t\t\t<div class=\"elementor-widget-container\">\n\t\t\t\t\t\t\t\t\t<h3 style=\"text-align: center\"><span style=\"color: #ffffff\">S\u00e9minaire du 22 mai 2024<\/span><\/h3><h3 style=\"text-align: center\">\u00a0<\/h3>\t\t\t\t\t\t\t\t<\/div>\n\t\t\t\t<\/div>\n\t\t\t\t<div class=\"elementor-element elementor-element-e42c822 elementor-widget elementor-widget-text-editor\" data-id=\"e42c822\" data-element_type=\"widget\" data-e-type=\"widget\" data-widget_type=\"text-editor.default\">\n\t\t\t\t<div class=\"elementor-widget-container\">\n\t\t\t\t\t\t\t\t\t<ul><li><strong><span style=\"color: #ffffff\">A venir<br \/><\/span><\/strong><\/li><\/ul>\t\t\t\t\t\t\t\t<\/div>\n\t\t\t\t<\/div>\n\t\t\t\t\t<\/div>\n\t\t<\/div>\n\t\t\t\t\t<\/div>\n\t\t<\/section>\n\t\t\t\t\t<\/div>\n\t\t<\/div>\n\t\t\t\t\t<\/div>\n\t\t<\/section>\n\t\t<div class=\"elementor-element elementor-element-530a8e4 e-flex e-con-boxed e-con e-parent\" data-id=\"530a8e4\" data-element_type=\"container\" data-e-type=\"container\">\n\t\t\t\t\t<div class=\"e-con-inner\">\n\t\t\t\t<div class=\"elementor-element elementor-element-c7739cf elementor-widget-divider--view-line elementor-widget elementor-widget-divider\" data-id=\"c7739cf\" data-element_type=\"widget\" data-e-type=\"widget\" data-widget_type=\"divider.default\">\n\t\t\t\t<div class=\"elementor-widget-container\">\n\t\t\t\t\t\t\t<div class=\"elementor-divider\">\n\t\t\t<span class=\"elementor-divider-separator\">\n\t\t\t\t\t\t<\/span>\n\t\t<\/div>\n\t\t\t\t\t\t<\/div>\n\t\t\t\t<\/div>\n\t\t\t\t<div class=\"elementor-element elementor-element-5005a8c elementor-widget elementor-widget-heading\" data-id=\"5005a8c\" data-element_type=\"widget\" data-e-type=\"widget\" data-widget_type=\"heading.default\">\n\t\t\t\t<div class=\"elementor-widget-container\">\n\t\t\t\t\t<h2 class=\"elementor-heading-title elementor-size-default\">Vos contributions<\/h2>\t\t\t\t<\/div>\n\t\t\t\t<\/div>\n\t\t\t\t\t<\/div>\n\t\t\t\t<\/div>\n\t\t\t\t<\/div>\n\t\t","protected":false},"excerpt":{"rendered":"<p>\/*! elementor &#8211; v3.20.0 &#8211; 26-03-2024 *\/ .elementor-heading-title{padding:0;margin:0;line-height:1}.elementor-widget-heading .elementor-heading-title[class*=elementor-size-]&gt;a{color:inherit;font-size:inherit;line-height:inherit}.elementor-widget-heading .elementor-heading-title.elementor-size-small{font-size:15px}.elementor-widget-heading .elementor-heading-title.elementor-size-medium{font-size:19px}.elementor-widget-heading .elementor-heading-title.elementor-size-large{font-size:29px}.elementor-widget-heading .elementor-heading-title.elementor-size-xl{font-size:39px}.elementor-widget-heading .elementor-heading-title.elementor-size-xxl{font-size:59px} RELATION &Eacute;DUCATION-&Eacute;CONOMIE Bureau des entreprises &#8211; Acad\u00e9mie de Limoges &nbsp; \/*! elementor &#8211; v3.20.0 &#8211; 26-03-2024 *\/ .elementor-column .elementor-spacer-inner{height:var(&#8211;spacer-size)}.e-con{&#8211;container-widget-width:100%}.e-con-inner&gt;.elementor-widget-spacer,.e-con&gt;.elementor-widget-spacer{width:var(&#8211;container-widget-width,var(&#8211;spacer-size));&#8211;align-self:var(&#8211;container-widget-align-self,initial);&#8211;flex-shrink:0}.e-con-inner&gt;.elementor-widget-spacer&gt;.elementor-widget-container,.e-con&gt;.elementor-widget-spacer&gt;.elementor-widget-container{height:100%;width:100%}.e-con-inner&gt;.elementor-widget-spacer&gt;.elementor-widget-container&gt;.elementor-spacer,.e-con&gt;.elementor-widget-spacer&gt;.elementor-widget-container&gt;.elementor-spacer{height:100%}.e-con-inner&gt;.elementor-widget-spacer&gt;.elementor-widget-container&gt;.elementor-spacer&gt;.elementor-spacer-inner,.e-con&gt;.elementor-widget-spacer&gt;.elementor-widget-container&gt;.elementor-spacer&gt;.elementor-spacer-inner{height:var(&#8211;container-widget-height,var(&#8211;spacer-size))}.e-con-inner&gt;.elementor-widget-spacer.elementor-widget-empty,.e-con&gt;.elementor-widget-spacer.elementor-widget-empty{position:relative;min-height:22px;min-width:22px}.e-con-inner&gt;.elementor-widget-spacer.elementor-widget-empty .elementor-widget-empty-icon,.e-con&gt;.elementor-widget-spacer.elementor-widget-empty .elementor-widget-empty-icon{position:absolute;top:0;bottom:0;left:0;right:0;margin:auto;padding:0;width:22px;height:22px} Informations institutionnelles Le bureau des entreprises a pour objectif de renforcer les liens de l\u2019\u00c9ducation nationale avec le monde \u00e9conomique. [&hellip;]<\/p>\n","protected":false},"author":2,"featured_media":0,"parent":0,"menu_order":0,"comment_status":"closed","ping_status":"closed","template":"elementor_header_footer","meta":{"footnotes":""},"class_list":["post-119","page","type-page","status-publish","czr-hentry"],"_links":{"self":[{"href":"https:\/\/srafpica-nouvelle-aquitaine.fr\/bde\/wp-json\/wp\/v2\/pages\/119","targetHints":{"allow":["GET"]}}],"collection":[{"href":"https:\/\/srafpica-nouvelle-aquitaine.fr\/bde\/wp-json\/wp\/v2\/pages"}],"about":[{"href":"https:\/\/srafpica-nouvelle-aquitaine.fr\/bde\/wp-json\/wp\/v2\/types\/page"}],"author":[{"embeddable":true,"href":"https:\/\/srafpica-nouvelle-aquitaine.fr\/bde\/wp-json\/wp\/v2\/users\/2"}],"replies":[{"embeddable":true,"href":"https:\/\/srafpica-nouvelle-aquitaine.fr\/bde\/wp-json\/wp\/v2\/comments?post=119"}],"version-history":[{"count":154,"href":"https:\/\/srafpica-nouvelle-aquitaine.fr\/bde\/wp-json\/wp\/v2\/pages\/119\/revisions"}],"predecessor-version":[{"id":878,"href":"https:\/\/srafpica-nouvelle-aquitaine.fr\/bde\/wp-json\/wp\/v2\/pages\/119\/revisions\/878"}],"wp:attachment":[{"href":"https:\/\/srafpica-nouvelle-aquitaine.fr\/bde\/wp-json\/wp\/v2\/media?parent=119"}],"curies":[{"name":"wp","href":"https:\/\/api.w.org\/{rel}","templated":true}]}}